{"id":797,"date":"2019-03-15T14:42:46","date_gmt":"2019-03-15T13:42:46","guid":{"rendered":"https:\/\/pakull.com\/impressum\/"},"modified":"2024-11-08T11:43:22","modified_gmt":"2024-11-08T10:43:22","slug":"impressum","status":"publish","type":"page","link":"https:\/\/pakull.com\/en\/impressum\/","title":{"rendered":"Impressum"},"content":{"rendered":"<h2>Impressum<\/h2>\n<p>Angaben gem\u00e4\u00df \u00a7\u00a7 5, 6 DDG:<\/p>\n<h2>Pakull Immobilienmanagement GmbH<\/h2>\n<p>Gesch\u00e4ftsf\u00fchrer: Stefan Pakull Anderter Stra\u00dfe 68 30629 Hannover Tel: 0511 940 63 45<br \/>\nFax: 0511 203 96 59<\/p>\n<p><a href=\"mailto:info@pakull.com\">info@pakull.com<\/a><br \/>\n<a href=\"\/\">www.pakull.com<\/a><\/p>\n<p>Handelsregister: HRB 220213 Hannover Umsatzsteuer-Identifikationsnummer gem\u00e4\u00df \u00a7 27 a Umsatzsteuergesetz: DE815878443<\/p>\n<p>&nbsp;<\/p>\n<h2><strong>Technische Umsetzung<\/strong><\/h2>\n<p><a href=\"https:\/\/www.13agentur.de\" target=\"_blank\" rel=\"noopener noreferrer\"><strong>13 Agentur f\u00fcr Werbung<\/strong><br \/>\n<strong>und Kommunikation GmbH<\/strong><br \/>\nWerbeagentur Hannover<\/a><\/p>\n<p>Vahrenwalder Stra\u00dfe 263<br \/>\n30179 Hannover<br \/>\nTel: 0511 968 441 30<\/p>\n<p><a href=\"mailto:info@13agentur.de\">info@13agentur.de<\/a><br \/>\n<a href=\"https:\/\/www.13agentur.de\" target=\"_blank\" rel=\"noopener noreferrer\">www.13agentur.de<\/a><\/p>\n<p>&nbsp;<\/p>\n<h2>Streitschlichtung<\/h2>\n<p>Die Europ\u00e4ische Kommission stellt eine Plattform zur Online-Streitbeilegung (OS) bereit: <a href=\"https:\/\/ec.europa.eu\/consumers\/odr\">https:\/\/ec.europa.eu\/consumers\/odr<\/a>.<br \/>\nWir sind nicht bereit oder verpflichtet, an Streitbeilegungsverfahren vor einer<br \/>\nVerbraucherschlichtungsstelle teilzunehmen.<\/p>\n<p>&nbsp;<\/p>\n<h2>Haftungsausschluss und Hinweise zu Urheberrechten und Markenrechten<\/h2>\n<p>Haftungsausschluss: Wir haben die Inhalte dieser Website mit gr\u00f6\u00dfter Sorgfalt und entsprechend unserem aktuellen Wissensstand erstellt. Sie dienen jedoch nur zu Informationszwecken und haben keine rechtlich bindende Wirkung, sofern sie nicht gesetzlich vorgeschrieben sind (wie etwa Impressum, Datenschutzerkl\u00e4rung, Allgemeine Gesch\u00e4ftsbedingungen oder Verbraucherbelehrungen). Wir behalten uns das Recht vor, die Inhalte vollst\u00e4ndig oder teilweise zu \u00e4ndern oder zu entfernen, sofern dies nicht gegen bestehende vertragliche Verpflichtungen verst\u00f6\u00dft. Alle Angebote auf dieser Website sind freibleibend und unverbindlich. <\/p>\n<h2>Links zu externen Webseiten<\/h2>\n<p>Die Inhalte von externen Webseiten, auf die wir direkt oder indirekt verweisen, liegen au\u00dferhalb unseres Verantwortungsbereichs. Wir machen uns diese Inhalte nicht zu eigen und \u00fcbernehmen keine Haftung f\u00fcr jegliche Nachteile oder Sch\u00e4den, die aus der Nutzung der auf den verlinkten Webseiten enthaltenen Informationen entstehen k\u00f6nnten. <\/p>\n<h2>Urheberrechte und Markenrechte<\/h2>\n<p>Alle auf dieser Website dargestellten Inhalte wie Texte, Fotografien, Grafiken, Marken und Warenzeichen sind durch entsprechende Schutzrechte (Urheberrechte, Markenrechte) gesch\u00fctzt. Die Nutzung, Reproduktion oder sonstige Verwendung dieser Inhalte unterliegt unseren Rechten oder den Rechten der jeweiligen Urheber oder Rechteinhaber. <\/p>\n<h2>Hinweise auf Rechtsverst\u00f6\u00dfe<\/h2>\n<p>Wenn Sie innerhalb unseres Internetauftritts auf Rechtsverst\u00f6\u00dfe sto\u00dfen, bitten wir Sie, uns dies mitzuteilen. Wir werden illegale Inhalte oder Links nach Bekanntwerden umgehend entfernen. <\/p>\n<p>&nbsp;<\/p>\n<h2>Kommunikation \u00fcber E-Mail<\/h2>\n<p>Kommunikation via E-Mail kann Sicherheitsl\u00fccken aufweisen. Beispielsweise k\u00f6nnen E-Mails auf ihrem Weg an uns von versierten Internet-Nutzern aufgehalten und eingesehen werden. Sollten wir eine E-Mail von Ihnen erhalten, so gehen wir davon aus, dass wir zu einer Beantwortung per E-Mail berechtigt sind. Ansonsten m\u00fcssen Sie ausdr\u00fccklich auf eine andere Art der Kommunikation verweisen. Quellen: TMG, Forschungsstelle Recht des DFN Vereins, eRecht24   <\/p>\n","protected":false},"excerpt":{"rendered":"<p>Impressum Angaben gem\u00e4\u00df \u00a7\u00a7 5, 6 DDG: Pakull Immobilienmanagement GmbH Gesch\u00e4ftsf\u00fchrer: Stefan Pakull Anderter Stra\u00dfe 68 30629 Hannover Tel: 0511 940 63 45 Fax: 0511 203 96 59 info@pakull.com www.pakull.com Handelsregister: HRB 220213 Hannover Umsatzsteuer-Identifikationsnummer gem\u00e4\u00df \u00a7 27 a Umsatzsteuergesetz: DE815878443 &nbsp; Technische Umsetzung 13 Agentur f\u00fcr Werbung und Kommunikation GmbH Werbeagentur Hannover Vahrenwalder Stra\u00dfe [&hellip;]<\/p>\n","protected":false},"author":1,"featured_media":0,"parent":0,"menu_order":46,"comment_status":"closed","ping_status":"closed","template":"","meta":{"_acf_changed":false,"footnotes":""},"class_list":["post-797","page","type-page","status-publish","hentry"],"acf":[],"_links":{"self":[{"href":"https:\/\/pakull.com\/en\/wp-json\/wp\/v2\/pages\/797","targetHints":{"allow":["GET"]}}],"collection":[{"href":"https:\/\/pakull.com\/en\/wp-json\/wp\/v2\/pages"}],"about":[{"href":"https:\/\/pakull.com\/en\/wp-json\/wp\/v2\/types\/page"}],"author":[{"embeddable":true,"href":"https:\/\/pakull.com\/en\/wp-json\/wp\/v2\/users\/1"}],"replies":[{"embeddable":true,"href":"https:\/\/pakull.com\/en\/wp-json\/wp\/v2\/comments?post=797"}],"version-history":[{"count":1,"href":"https:\/\/pakull.com\/en\/wp-json\/wp\/v2\/pages\/797\/revisions"}],"predecessor-version":[{"id":823,"href":"https:\/\/pakull.com\/en\/wp-json\/wp\/v2\/pages\/797\/revisions\/823"}],"wp:attachment":[{"href":"https:\/\/pakull.com\/en\/wp-json\/wp\/v2\/media?parent=797"}],"curies":[{"name":"wp","href":"https:\/\/api.w.org\/{rel}","templated":true}]}}